{"id":248,"date":"2023-08-18T18:42:14","date_gmt":"2023-08-18T18:42:14","guid":{"rendered":"https:\/\/aerocargaexpress.com\/?page_id=248"},"modified":"2023-08-18T19:28:55","modified_gmt":"2023-08-18T19:28:55","slug":"nuestros-servicios","status":"publish","type":"page","link":"https:\/\/aerocargaexpress.com\/index.php\/nuestros-servicios\/","title":{"rendered":"Nuestros servicios."},"content":{"rendered":"\n<div class=\"wp-block-media-text alignwide has-media-on-the-right is-stacked-on-mobile is-vertically-aligned-center has-background\" style=\"background-color:#f1f5c7\"><div class=\"wp-block-media-text__content\">\n<div class=\"inherit-container-width wp-block-group is-layout-constrained\" style=\"padding-top:2em;padding-right:2em;padding-bottom:2em;padding-left:2em\">\n<p style=\"font-size:36px;line-height:1.2\"><strong>P0.BOX Courier<\/strong><\/p>\n\n\n\n<p class=\"has-extra-small-font-size\">\u2013 Permite comprar en cualquier p\u00e1gina online del mundo, el proveedor env\u00eda tu paquete a nuestra bodega en Miami y nosotros  nos encargamos de trasladarlo a Guatemala v\u00eda a\u00e9rea, y nos encargamos de todo el proceso hasta que tu lo recibas en tu casa. Aqu\u00ed puedes comprar en tiendas como Amazon, Shein, Ebay, AliExpress y muchas m\u00e1s.<\/p>\n\n\n\n<div class=\"wp-block-buttons is-layout-flex\">\n<div class=\"wp-block-button\"><a class=\"wp-block-button__link wp-element-button\">Crear mi casillero<\/a><\/div>\n<\/div>\n<\/div>\n<\/div><figure class=\"wp-block-media-text__media\"><img decoding=\"async\" loading=\"lazy\" width=\"1024\" height=\"683\" src=\"https:\/\/aerocargaexpress.com\/wp-content\/uploads\/2023\/08\/SHEIN-8-1024x683.png\" alt=\"\" class=\"wp-image-249 size-full\" srcset=\"https:\/\/aerocargaexpress.com\/wp-content\/uploads\/2023\/08\/SHEIN-8-1024x683.png 1024w, https:\/\/aerocargaexpress.com\/wp-content\/uploads\/2023\/08\/SHEIN-8-300x200.png 300w, https:\/\/aerocargaexpress.com\/wp-content\/uploads\/2023\/08\/SHEIN-8-768x512.png 768w, https:\/\/aerocargaexpress.com\/wp-content\/uploads\/2023\/08\/SHEIN-8.png 1200w\" sizes=\"(max-width: 1024px) 100vw, 1024px\" \/><\/figure><\/div>\n\n\n\n<div class=\"wp-block-media-text alignwide is-stacked-on-mobile is-vertically-aligned-center has-background\" style=\"background-color:#fffdea\"><figure class=\"wp-block-media-text__media\"><img decoding=\"async\" loading=\"lazy\" width=\"1024\" height=\"683\" src=\"https:\/\/aerocargaexpress.com\/wp-content\/uploads\/2023\/08\/SHEIN-9-1024x683.png\" alt=\"\" class=\"wp-image-253 size-full\" srcset=\"https:\/\/aerocargaexpress.com\/wp-content\/uploads\/2023\/08\/SHEIN-9-1024x683.png 1024w, https:\/\/aerocargaexpress.com\/wp-content\/uploads\/2023\/08\/SHEIN-9-300x200.png 300w, https:\/\/aerocargaexpress.com\/wp-content\/uploads\/2023\/08\/SHEIN-9-768x512.png 768w, https:\/\/aerocargaexpress.com\/wp-content\/uploads\/2023\/08\/SHEIN-9.png 1200w\" sizes=\"(max-width: 1024px) 100vw, 1024px\" \/><\/figure><div class=\"wp-block-media-text__content\">\n<div class=\"inherit-container-width wp-block-group is-layout-constrained\" style=\"padding-top:2em;padding-right:2em;padding-bottom:2em;padding-left:2em\">\n<p style=\"font-size:36px;line-height:1.2\"><strong>Carga a\u00e9rea<\/strong>.<\/p>\n\n\n\n<p class=\"has-extra-small-font-size\">\u2013 Servicio que te permite transportar mercader\u00eda en forma de carga, perfecto para cargas grandes, pesadas, cargas para empresas. Traslado desde Ciudad de Miami hasta Guatemala. Nosotros hacemos todos los tramites. Tarifas especiales y acomodadas a tus necesidades.<\/p>\n<\/div>\n<\/div><\/div>\n\n\n\n<div class=\"wp-block-media-text alignwide has-media-on-the-right is-stacked-on-mobile is-vertically-aligned-center has-background\" style=\"background-color:#f1f5c7\"><div class=\"wp-block-media-text__content\">\n<div class=\"inherit-container-width wp-block-group is-layout-constrained\" style=\"padding-top:2em;padding-right:2em;padding-bottom:2em;padding-left:2em\">\n<p style=\"font-size:36px;line-height:1.2\"><strong>Mar\u00edtimo consolidado y contenedores.<\/strong><\/p>\n\n\n\n<p class=\"has-extra-small-font-size\">\u2013 Trasladamos tu mercader\u00eda v\u00eda mar\u00edtima desde cualquier lugar puerto del mundo, ya sea en modelo consolidado o con contenedor completo, nosotros nos encargamos de todo, flete, traslado y proceso aduanal. Cotiza sin compromiso.            Tarifas especiales de consolidado Mar\u00edtimo desde Miami.<\/p>\n<\/div>\n<\/div><figure class=\"wp-block-media-text__media\"><img decoding=\"async\" loading=\"lazy\" width=\"1024\" height=\"683\" src=\"https:\/\/aerocargaexpress.com\/wp-content\/uploads\/2023\/08\/SHEIN-10-1024x683.png\" alt=\"\" class=\"wp-image-255 size-full\" srcset=\"https:\/\/aerocargaexpress.com\/wp-content\/uploads\/2023\/08\/SHEIN-10-1024x683.png 1024w, https:\/\/aerocargaexpress.com\/wp-content\/uploads\/2023\/08\/SHEIN-10-300x200.png 300w, https:\/\/aerocargaexpress.com\/wp-content\/uploads\/2023\/08\/SHEIN-10-768x512.png 768w, https:\/\/aerocargaexpress.com\/wp-content\/uploads\/2023\/08\/SHEIN-10.png 1200w\" sizes=\"(max-width: 1024px) 100vw, 1024px\" \/><\/figure><\/div>\n\n\n\n<div class=\"wp-block-media-text alignwide is-stacked-on-mobile is-vertically-aligned-center has-background\" style=\"background-color:#fffdea\"><figure class=\"wp-block-media-text__media\"><img decoding=\"async\" loading=\"lazy\" width=\"1024\" height=\"683\" src=\"https:\/\/aerocargaexpress.com\/wp-content\/uploads\/2023\/08\/SHEIN-11-1024x683.png\" alt=\"\" class=\"wp-image-256 size-full\" srcset=\"https:\/\/aerocargaexpress.com\/wp-content\/uploads\/2023\/08\/SHEIN-11-1024x683.png 1024w, https:\/\/aerocargaexpress.com\/wp-content\/uploads\/2023\/08\/SHEIN-11-300x200.png 300w, https:\/\/aerocargaexpress.com\/wp-content\/uploads\/2023\/08\/SHEIN-11-768x512.png 768w, https:\/\/aerocargaexpress.com\/wp-content\/uploads\/2023\/08\/SHEIN-11.png 1200w\" sizes=\"(max-width: 1024px) 100vw, 1024px\" \/><\/figure><div class=\"wp-block-media-text__content\">\n<div class=\"inherit-container-width wp-block-group is-layout-constrained\" style=\"padding-top:2em;padding-right:2em;padding-bottom:2em;padding-left:2em\">\n<p style=\"font-size:36px;line-height:1.2\"><strong>Compramos por ti.<\/strong><\/p>\n\n\n\n<p class=\"has-extra-small-font-size\">\u2013 Realizamos compra de todos los productos que necesites en cualquier p\u00e1gina online del mundo y los traemos hasta tu casa. Perfecto para los que no les gusta comprar en l\u00ednea o no cuentan con una tarjeta de cr\u00e9dito para poder realizar. Cotiza sin compromiso nuestra tarifa todo incluido.<\/p>\n<\/div>\n<\/div><\/div>\n\n\n\n<div class=\"wp-block-media-text alignwide has-media-on-the-right is-stacked-on-mobile is-vertically-aligned-center has-background\" style=\"background-color:#f1f5c7\"><div class=\"wp-block-media-text__content\">\n<div class=\"inherit-container-width wp-block-group is-layout-constrained\" style=\"padding-top:2em;padding-right:2em;padding-bottom:2em;padding-left:2em\">\n<p style=\"font-size:36px;line-height:1.2\">Encomiendas y env\u00edos internacionales.<\/p>\n\n\n\n<p class=\"has-extra-small-font-size\">\u2013 Env\u00edo de encomiendas a precio econ\u00f3mico a todos los estados de Estados Unidos, perfecto para enviar a tus familiares, contactos o clientes en USA. Adicionalmente contamos con env\u00edos a cualquier parte del mundo v\u00eda a\u00e9rea.<\/p>\n<\/div>\n<\/div><figure class=\"wp-block-media-text__media\"><img decoding=\"async\" loading=\"lazy\" width=\"1024\" height=\"683\" src=\"https:\/\/aerocargaexpress.com\/wp-content\/uploads\/2023\/08\/SHEIN-12-1024x683.png\" alt=\"\" class=\"wp-image-259 size-full\" srcset=\"https:\/\/aerocargaexpress.com\/wp-content\/uploads\/2023\/08\/SHEIN-12-1024x683.png 1024w, https:\/\/aerocargaexpress.com\/wp-content\/uploads\/2023\/08\/SHEIN-12-300x200.png 300w, https:\/\/aerocargaexpress.com\/wp-content\/uploads\/2023\/08\/SHEIN-12-768x512.png 768w, https:\/\/aerocargaexpress.com\/wp-content\/uploads\/2023\/08\/SHEIN-12.png 1200w\" sizes=\"(max-width: 1024px) 100vw, 1024px\" \/><\/figure><\/div>\n","protected":false},"excerpt":{"rendered":"","protected":false},"author":1,"featured_media":0,"parent":0,"menu_order":0,"comment_status":"closed","ping_status":"closed","template":"","meta":{"site-sidebar-layout":"default","site-content-layout":"default","ast-global-header-display":"","ast-banner-title-visibility":"","ast-main-header-display":"","ast-hfb-above-header-display":"","ast-hfb-below-header-display":"","ast-hfb-mobile-header-display":"","site-post-title":"","ast-breadcrumbs-content":"","ast-featured-img":"","footer-sml-layout":"","theme-transparent-header-meta":"","adv-header-id-meta":"","stick-header-meta":"","header-above-stick-meta":"","header-main-stick-meta":"","header-below-stick-meta":""},"_links":{"self":[{"href":"https:\/\/aerocargaexpress.com\/index.php\/wp-json\/wp\/v2\/pages\/248"}],"collection":[{"href":"https:\/\/aerocargaexpress.com\/index.php\/wp-json\/wp\/v2\/pages"}],"about":[{"href":"https:\/\/aerocargaexpress.com\/index.php\/wp-json\/wp\/v2\/types\/page"}],"author":[{"embeddable":true,"href":"https:\/\/aerocargaexpress.com\/index.php\/wp-json\/wp\/v2\/users\/1"}],"replies":[{"embeddable":true,"href":"https:\/\/aerocargaexpress.com\/index.php\/wp-json\/wp\/v2\/comments?post=248"}],"version-history":[{"count":3,"href":"https:\/\/aerocargaexpress.com\/index.php\/wp-json\/wp\/v2\/pages\/248\/revisions"}],"predecessor-version":[{"id":260,"href":"https:\/\/aerocargaexpress.com\/index.php\/wp-json\/wp\/v2\/pages\/248\/revisions\/260"}],"wp:attachment":[{"href":"https:\/\/aerocargaexpress.com\/index.php\/wp-json\/wp\/v2\/media?parent=248"}],"curies":[{"name":"wp","href":"https:\/\/api.w.org\/{rel}","templated":true}]}}