{"id":66,"date":"2023-07-13T19:42:45","date_gmt":"2023-07-13T19:42:45","guid":{"rendered":"https:\/\/aerocargaexpress.com\/?page_id=66"},"modified":"2023-08-02T19:02:00","modified_gmt":"2023-08-02T19:02:00","slug":"inicio","status":"publish","type":"page","link":"https:\/\/aerocargaexpress.com\/","title":{"rendered":"p\u00e1gina de inicio"},"content":{"rendered":"\n<figure class=\"wp-block-image size-large\"><img decoding=\"async\" loading=\"lazy\" width=\"1024\" height=\"492\" src=\"https:\/\/aerocargaexpress.com\/wp-content\/uploads\/2023\/07\/amazon-6-1024x492.png\" alt=\"\" class=\"wp-image-90\" srcset=\"https:\/\/aerocargaexpress.com\/wp-content\/uploads\/2023\/07\/amazon-6-1024x492.png 1024w, https:\/\/aerocargaexpress.com\/wp-content\/uploads\/2023\/07\/amazon-6-300x144.png 300w, https:\/\/aerocargaexpress.com\/wp-content\/uploads\/2023\/07\/amazon-6-768x369.png 768w, https:\/\/aerocargaexpress.com\/wp-content\/uploads\/2023\/07\/amazon-6.png 1250w\" sizes=\"(max-width: 1024px) 100vw, 1024px\" \/><\/figure>\n\n\n\n<p><\/p>\n\n\n\n<div class=\"wp-block-buttons alignfull is-content-justification-center is-layout-flex wp-container-1\">\n<div class=\"wp-block-button\"><a class=\"wp-block-button__link wp-element-button\" href=\"https:\/\/aerocargaexpress.com\/index.php\/inicio\/crear-casillero-pobox\/\">Crear mi casillero P.O.BOX gratis<\/a><\/div>\n<\/div>\n\n\n\n<p class=\"has-text-align-center\" style=\"margin-top:var(--wp--preset--spacing--20);margin-right:var(--wp--preset--spacing--20);margin-bottom:var(--wp--preset--spacing--20);margin-left:var(--wp--preset--spacing--20)\">Reg\u00edstrate en AEROCOMPRAS y obtendr\u00e1s una direcci\u00f3n f\u00edsica en Miami que te permitir\u00e1 comprar en cualquier p\u00e1gina del mundo, adicionalmente te damos 3 libras de regalo para tus primeros 3 paquetes. <\/p>\n\n\n\n<div class=\"inherit-container-width wp-block-group alignfull has-text-color has-background is-layout-constrained\" style=\"color:#000000;background-color:#ffffff\">\n<h2 class=\"wp-block-heading has-text-align-center has-ast-global-color-1-color has-text-color\" id=\"schedule-a-visit\" style=\"font-size:46px;line-height:1.15\"><strong>Nuestros servicios<\/strong><\/h2>\n\n\n\n<div class=\"wp-block-buttons is-horizontal is-content-justification-center is-nowrap is-layout-flex wp-container-2\">\n<div class=\"wp-block-button has-custom-width wp-block-button__width-50\"><a class=\"wp-block-button__link has-ast-global-color-2-background-color has-text-color has-background wp-element-button\" href=\"https:\/\/wa.link\/seu4h9\" style=\"border-radius:50px;color:#ffffff\" target=\"_blank\" rel=\"noreferrer noopener\">Cotiza con agente de servicio<\/a><\/div>\n<\/div>\n<\/div>\n\n\n\n<div class=\"wp-block-columns alignwide is-layout-flex wp-container-7\" style=\"margin-top:0;margin-bottom:0\">\n<div class=\"wp-block-column has-white-background-color has-text-color has-background has-link-color wp-elements-968a7cdabe02880b2b029cf042d183e1 is-layout-flow\" style=\"color:#000000;padding-top:0em;padding-right:0em;padding-bottom:0em;padding-left:0em\">\n<h2 class=\"wp-block-heading has-text-align-center has-ast-global-color-0-color has-text-color\" id=\"single\" style=\"font-size:26px\"><strong>Servicio Courier<\/strong><\/h2>\n\n\n\n<p class=\"has-text-align-center has-ast-global-color-2-color has-text-color has-normal-font-size\" style=\"line-height:1.5\">Compra en cualquier p\u00e1gina online del mundo y recibe en Guatemala. Entregas desde 48 horas.<\/p>\n\n\n\n<hr class=\"wp-block-separator has-text-color has-ast-global-color-0-color has-alpha-channel-opacity has-ast-global-color-0-background-color has-background is-style-wide\"\/>\n\n\n\n<figure class=\"wp-block-image size-large\"><img decoding=\"async\" loading=\"lazy\" width=\"1024\" height=\"1024\" src=\"https:\/\/aerocargaexpress.com\/wp-content\/uploads\/2023\/07\/Diseno-sin-titulo-42-1024x1024.png\" alt=\"\" class=\"wp-image-105\" srcset=\"https:\/\/aerocargaexpress.com\/wp-content\/uploads\/2023\/07\/Diseno-sin-titulo-42-1024x1024.png 1024w, https:\/\/aerocargaexpress.com\/wp-content\/uploads\/2023\/07\/Diseno-sin-titulo-42-300x300.png 300w, https:\/\/aerocargaexpress.com\/wp-content\/uploads\/2023\/07\/Diseno-sin-titulo-42-150x150.png 150w, https:\/\/aerocargaexpress.com\/wp-content\/uploads\/2023\/07\/Diseno-sin-titulo-42-768x768.png 768w, https:\/\/aerocargaexpress.com\/wp-content\/uploads\/2023\/07\/Diseno-sin-titulo-42.png 1080w\" sizes=\"(max-width: 1024px) 100vw, 1024px\" \/><\/figure>\n<\/div>\n\n\n\n<div class=\"wp-block-column has-white-background-color has-text-color has-background has-link-color wp-elements-c64714740f8627beb155c73541060554 is-layout-flow\" style=\"border-style:none;border-width:0px;color:#000000;padding-top:0em;padding-right:0em;padding-bottom:0em;padding-left:0em\">\n<h2 class=\"wp-block-heading has-text-align-center has-ast-global-color-0-color has-text-color\" id=\"family\" style=\"font-size:26px\"><strong>Carga<\/strong> <strong>a\u00e9rea<\/strong><\/h2>\n\n\n\n<p class=\"has-text-align-center has-ast-global-color-2-color has-text-color has-normal-font-size\" style=\"line-height:1.5\">Log\u00edstica internacional a\u00e9rea y mar\u00edtima, tramites de aduanas y traslado  para todo tipo de carga hasta Guatemala.<\/p>\n\n\n\n<hr class=\"wp-block-separator has-text-color has-ast-global-color-0-color has-alpha-channel-opacity has-ast-global-color-0-background-color has-background is-style-wide\"\/>\n\n\n\n<figure class=\"wp-block-image size-large\"><img decoding=\"async\" loading=\"lazy\" width=\"1024\" height=\"1024\" src=\"https:\/\/aerocargaexpress.com\/wp-content\/uploads\/2023\/07\/Diseno-sin-titulo-41-1024x1024.png\" alt=\"\" class=\"wp-image-104\" srcset=\"https:\/\/aerocargaexpress.com\/wp-content\/uploads\/2023\/07\/Diseno-sin-titulo-41-1024x1024.png 1024w, https:\/\/aerocargaexpress.com\/wp-content\/uploads\/2023\/07\/Diseno-sin-titulo-41-300x300.png 300w, https:\/\/aerocargaexpress.com\/wp-content\/uploads\/2023\/07\/Diseno-sin-titulo-41-150x150.png 150w, https:\/\/aerocargaexpress.com\/wp-content\/uploads\/2023\/07\/Diseno-sin-titulo-41-768x768.png 768w, https:\/\/aerocargaexpress.com\/wp-content\/uploads\/2023\/07\/Diseno-sin-titulo-41.png 1080w\" sizes=\"(max-width: 1024px) 100vw, 1024px\" \/><\/figure>\n<\/div>\n\n\n\n<div class=\"wp-block-column has-white-background-color has-text-color has-background has-link-color wp-elements-f4d94b8586f9e9113cca7fb4e6e59f73 is-layout-flow\" style=\"color:#000000;padding-top:0em;padding-right:0em;padding-bottom:0em;padding-left:0em\">\n<h2 class=\"wp-block-heading has-text-align-center has-ast-global-color-0-color has-text-color\" id=\"patron\" style=\"font-size:26px\"><strong>Todo incluido<\/strong><\/h2>\n\n\n\n<p class=\"has-text-align-center has-ast-global-color-2-color has-text-color has-normal-font-size\" style=\"line-height:1.5\">Compramos por ti en cualquier tienda, nosotros hacemos todo. Env\u00edanos  lo que necesitas comprar.<\/p>\n\n\n\n<hr class=\"wp-block-separator has-text-color has-ast-global-color-0-color has-alpha-channel-opacity has-ast-global-color-0-background-color has-background is-style-wide\"\/>\n\n\n\n<figure class=\"wp-block-image size-large\"><img decoding=\"async\" loading=\"lazy\" width=\"1024\" height=\"1024\" src=\"https:\/\/aerocargaexpress.com\/wp-content\/uploads\/2023\/07\/Diseno-sin-titulo-40-1024x1024.png\" alt=\"\" class=\"wp-image-103\" srcset=\"https:\/\/aerocargaexpress.com\/wp-content\/uploads\/2023\/07\/Diseno-sin-titulo-40-1024x1024.png 1024w, https:\/\/aerocargaexpress.com\/wp-content\/uploads\/2023\/07\/Diseno-sin-titulo-40-300x300.png 300w, https:\/\/aerocargaexpress.com\/wp-content\/uploads\/2023\/07\/Diseno-sin-titulo-40-150x150.png 150w, https:\/\/aerocargaexpress.com\/wp-content\/uploads\/2023\/07\/Diseno-sin-titulo-40-768x768.png 768w, https:\/\/aerocargaexpress.com\/wp-content\/uploads\/2023\/07\/Diseno-sin-titulo-40.png 1080w\" sizes=\"(max-width: 1024px) 100vw, 1024px\" \/><\/figure>\n<\/div>\n<\/div>\n\n\n\n<h2 class=\"wp-block-heading has-text-align-center has-ast-global-color-1-color has-text-color\" id=\"schedule-a-visit\" style=\"margin-top:var(--wp--preset--spacing--60);margin-right:var(--wp--preset--spacing--60);margin-bottom:var(--wp--preset--spacing--60);margin-left:var(--wp--preset--spacing--60);font-size:59px;line-height:1.15\">\u00bfD\u00f3nde puedo comprar?<\/h2>\n\n\n\n<div class=\"wp-block-buttons has-custom-font-size has-small-font-size is-horizontal is-content-justification-center is-layout-flex wp-container-8\">\n<div class=\"wp-block-button has-custom-width wp-block-button__width-25\"><a class=\"wp-block-button__link has-ast-global-color-4-color has-ast-global-color-0-background-color has-text-color has-background wp-element-button\" href=\"https:\/\/aerocargaexpress.com\/index.php\/cotizador\/\" style=\"border-radius:50px\">Cotiza el costo de traer un producto.<\/a><\/div>\n<\/div>\n\n\n\n<p class=\"has-text-align-center has-ast-global-color-2-color has-text-color\" style=\"padding-top:var(--wp--preset--spacing--30);padding-right:var(--wp--preset--spacing--30);padding-bottom:var(--wp--preset--spacing--30);padding-left:var(--wp--preset--spacing--30);font-size:17px;line-height:1.1\">Puedes comprar en estas tiendas y muchas m\u00e1s, pregunta con nuestro servicio para tener m\u00e1s tiendas para realizar tus compras.<\/p>\n\n\n\n<figure class=\"wp-block-image alignleft size-thumbnail\"><a href=\"www.amazon.com\" target=\"_blank\" rel=\"noreferrer noopener\"><img decoding=\"async\" loading=\"lazy\" width=\"150\" height=\"150\" src=\"https:\/\/aerocargaexpress.com\/wp-content\/uploads\/2023\/07\/Diseno-sin-titulo-32-1-150x150.png\" alt=\"\" class=\"wp-image-108\" srcset=\"https:\/\/aerocargaexpress.com\/wp-content\/uploads\/2023\/07\/Diseno-sin-titulo-32-1-150x150.png 150w, https:\/\/aerocargaexpress.com\/wp-content\/uploads\/2023\/07\/Diseno-sin-titulo-32-1-300x300.png 300w, https:\/\/aerocargaexpress.com\/wp-content\/uploads\/2023\/07\/Diseno-sin-titulo-32-1-1024x1024.png 1024w, https:\/\/aerocargaexpress.com\/wp-content\/uploads\/2023\/07\/Diseno-sin-titulo-32-1-768x768.png 768w, https:\/\/aerocargaexpress.com\/wp-content\/uploads\/2023\/07\/Diseno-sin-titulo-32-1.png 1080w\" sizes=\"(max-width: 150px) 100vw, 150px\" \/><\/a><\/figure>\n\n\n\n<figure class=\"wp-block-image alignleft size-thumbnail is-resized\"><a href=\"https:\/\/us.shein.com\/\" target=\"_blank\" rel=\"noreferrer noopener\"><img decoding=\"async\" loading=\"lazy\" src=\"https:\/\/aerocargaexpress.com\/wp-content\/uploads\/2023\/07\/Walmart-2-1-150x150.png\" alt=\"\" class=\"wp-image-109\" width=\"149\" height=\"149\" srcset=\"https:\/\/aerocargaexpress.com\/wp-content\/uploads\/2023\/07\/Walmart-2-1-150x150.png 150w, https:\/\/aerocargaexpress.com\/wp-content\/uploads\/2023\/07\/Walmart-2-1-300x300.png 300w, https:\/\/aerocargaexpress.com\/wp-content\/uploads\/2023\/07\/Walmart-2-1-1024x1024.png 1024w, https:\/\/aerocargaexpress.com\/wp-content\/uploads\/2023\/07\/Walmart-2-1-768x768.png 768w, https:\/\/aerocargaexpress.com\/wp-content\/uploads\/2023\/07\/Walmart-2-1.png 1080w\" sizes=\"(max-width: 149px) 100vw, 149px\" \/><\/a><\/figure>\n\n\n\n<figure class=\"wp-block-image alignleft size-thumbnail is-resized\"><a href=\"https:\/\/www.walmart.com\/\" target=\"_blank\" rel=\"noreferrer noopener\"><img decoding=\"async\" loading=\"lazy\" src=\"https:\/\/aerocargaexpress.com\/wp-content\/uploads\/2023\/07\/Walmart-1-150x150.png\" alt=\"\" class=\"wp-image-111\" width=\"130\" height=\"130\" srcset=\"https:\/\/aerocargaexpress.com\/wp-content\/uploads\/2023\/07\/Walmart-1-150x150.png 150w, https:\/\/aerocargaexpress.com\/wp-content\/uploads\/2023\/07\/Walmart-1-300x300.png 300w, https:\/\/aerocargaexpress.com\/wp-content\/uploads\/2023\/07\/Walmart-1-1024x1024.png 1024w, https:\/\/aerocargaexpress.com\/wp-content\/uploads\/2023\/07\/Walmart-1-768x768.png 768w, https:\/\/aerocargaexpress.com\/wp-content\/uploads\/2023\/07\/Walmart-1.png 1080w\" sizes=\"(max-width: 130px) 100vw, 130px\" \/><\/a><\/figure>\n\n\n\n<figure class=\"wp-block-image alignleft size-thumbnail is-resized\"><a href=\"https:\/\/www.temu.com\/\" target=\"_blank\" rel=\"noreferrer noopener\"><img decoding=\"async\" loading=\"lazy\" src=\"https:\/\/aerocargaexpress.com\/wp-content\/uploads\/2023\/07\/Diseno-sin-titulo-34-150x150.png\" alt=\"\" class=\"wp-image-112\" width=\"132\" height=\"132\" srcset=\"https:\/\/aerocargaexpress.com\/wp-content\/uploads\/2023\/07\/Diseno-sin-titulo-34-150x150.png 150w, https:\/\/aerocargaexpress.com\/wp-content\/uploads\/2023\/07\/Diseno-sin-titulo-34-300x300.png 300w, https:\/\/aerocargaexpress.com\/wp-content\/uploads\/2023\/07\/Diseno-sin-titulo-34-1024x1024.png 1024w, https:\/\/aerocargaexpress.com\/wp-content\/uploads\/2023\/07\/Diseno-sin-titulo-34-768x768.png 768w, https:\/\/aerocargaexpress.com\/wp-content\/uploads\/2023\/07\/Diseno-sin-titulo-34.png 1080w\" sizes=\"(max-width: 132px) 100vw, 132px\" \/><\/a><\/figure>\n\n\n\n<figure class=\"wp-block-image alignleft size-thumbnail is-resized\"><a href=\"https:\/\/www.ebay.com\/\" target=\"_blank\" rel=\"noreferrer noopener\"><img decoding=\"async\" loading=\"lazy\" src=\"https:\/\/aerocargaexpress.com\/wp-content\/uploads\/2023\/07\/LOGOS-DE-EMPRESAS-1-150x150.png\" alt=\"\" class=\"wp-image-115\" width=\"124\" height=\"124\" srcset=\"https:\/\/aerocargaexpress.com\/wp-content\/uploads\/2023\/07\/LOGOS-DE-EMPRESAS-1-150x150.png 150w, https:\/\/aerocargaexpress.com\/wp-content\/uploads\/2023\/07\/LOGOS-DE-EMPRESAS-1-300x300.png 300w, https:\/\/aerocargaexpress.com\/wp-content\/uploads\/2023\/07\/LOGOS-DE-EMPRESAS-1-1024x1024.png 1024w, https:\/\/aerocargaexpress.com\/wp-content\/uploads\/2023\/07\/LOGOS-DE-EMPRESAS-1-768x768.png 768w, https:\/\/aerocargaexpress.com\/wp-content\/uploads\/2023\/07\/LOGOS-DE-EMPRESAS-1.png 1080w\" sizes=\"(max-width: 124px) 100vw, 124px\" \/><\/a><\/figure>\n\n\n\n<figure class=\"wp-block-image alignleft size-thumbnail is-resized\"><a href=\"https:\/\/www.aliexpress.us\/?spm=a2g0o.home.1000002.1.468a2145RcTHiN&amp;gatewayAdapt=glo2usa\" target=\"_blank\" rel=\"noreferrer noopener\"><img decoding=\"async\" loading=\"lazy\" src=\"https:\/\/aerocargaexpress.com\/wp-content\/uploads\/2023\/07\/LOGOS-DE-EMPRESAS-5-150x150.png\" alt=\"\" class=\"wp-image-127\" width=\"138\" height=\"138\" srcset=\"https:\/\/aerocargaexpress.com\/wp-content\/uploads\/2023\/07\/LOGOS-DE-EMPRESAS-5-150x150.png 150w, https:\/\/aerocargaexpress.com\/wp-content\/uploads\/2023\/07\/LOGOS-DE-EMPRESAS-5-300x300.png 300w, https:\/\/aerocargaexpress.com\/wp-content\/uploads\/2023\/07\/LOGOS-DE-EMPRESAS-5-1024x1024.png 1024w, https:\/\/aerocargaexpress.com\/wp-content\/uploads\/2023\/07\/LOGOS-DE-EMPRESAS-5-768x768.png 768w, https:\/\/aerocargaexpress.com\/wp-content\/uploads\/2023\/07\/LOGOS-DE-EMPRESAS-5.png 1080w\" sizes=\"(max-width: 138px) 100vw, 138px\" \/><\/a><\/figure>\n\n\n\n<figure class=\"wp-block-image alignleft size-thumbnail is-resized\"><a href=\"https:\/\/www.wayfair.com\/\" target=\"_blank\" rel=\"noreferrer noopener\"><img decoding=\"async\" loading=\"lazy\" src=\"https:\/\/aerocargaexpress.com\/wp-content\/uploads\/2023\/07\/LOGOS-DE-EMPRESAS-2-1-150x150.png\" alt=\"\" class=\"wp-image-126\" width=\"139\" height=\"139\" srcset=\"https:\/\/aerocargaexpress.com\/wp-content\/uploads\/2023\/07\/LOGOS-DE-EMPRESAS-2-1-150x150.png 150w, https:\/\/aerocargaexpress.com\/wp-content\/uploads\/2023\/07\/LOGOS-DE-EMPRESAS-2-1-300x300.png 300w, https:\/\/aerocargaexpress.com\/wp-content\/uploads\/2023\/07\/LOGOS-DE-EMPRESAS-2-1-1024x1024.png 1024w, https:\/\/aerocargaexpress.com\/wp-content\/uploads\/2023\/07\/LOGOS-DE-EMPRESAS-2-1-768x768.png 768w, https:\/\/aerocargaexpress.com\/wp-content\/uploads\/2023\/07\/LOGOS-DE-EMPRESAS-2-1.png 1080w\" sizes=\"(max-width: 139px) 100vw, 139px\" \/><\/a><\/figure>\n\n\n\n<blockquote class=\"wp-block-quote\">\n<hr class=\"wp-block-separator has-css-opacity is-style-default\"\/>\n\n\n\n<figure class=\"wp-block-image aligncenter size-thumbnail is-style-rounded\"><img decoding=\"async\" loading=\"lazy\" width=\"150\" height=\"150\" src=\"https:\/\/aerocargaexpress.com\/wp-content\/uploads\/2023\/07\/Diseno-sin-titulo-43-150x150.png\" alt=\"\" class=\"wp-image-147\" srcset=\"https:\/\/aerocargaexpress.com\/wp-content\/uploads\/2023\/07\/Diseno-sin-titulo-43-150x150.png 150w, https:\/\/aerocargaexpress.com\/wp-content\/uploads\/2023\/07\/Diseno-sin-titulo-43-300x300.png 300w, https:\/\/aerocargaexpress.com\/wp-content\/uploads\/2023\/07\/Diseno-sin-titulo-43-1024x1024.png 1024w, https:\/\/aerocargaexpress.com\/wp-content\/uploads\/2023\/07\/Diseno-sin-titulo-43-768x768.png 768w, https:\/\/aerocargaexpress.com\/wp-content\/uploads\/2023\/07\/Diseno-sin-titulo-43.png 1080w\" sizes=\"(max-width: 150px) 100vw, 150px\" \/><\/figure>\n\n\n\n<blockquote class=\"wp-block-quote has-text-align-center is-style-large\">\n<p style=\"margin-top:0px;margin-right:0px;margin-bottom:0px;margin-left:0px\">Nos comprometemos a ofrecerte el mejor servicio, a guiarte y asesorarte para que tu experiencia de comprar en l\u00ednea sea placentera, efectiva, econ\u00f3mica y gratificante.<\/p>\n<cite>\u2014 CEO Aerocarga.<\/cite><\/blockquote>\n\n\n\n<hr class=\"wp-block-separator has-css-opacity is-style-default\"\/>\n<\/blockquote>\n","protected":false},"excerpt":{"rendered":"<p>Reg\u00edstrate en AEROCOMPRAS y obtendr\u00e1s una direcci\u00f3n f\u00edsica en Miami que te permitir\u00e1 comprar en cualquier p\u00e1gina del mundo, adicionalmente te damos 3 libras de regalo para tus primeros 3 paquetes. Nuestros servicios Servicio Courier Compra en cualquier p\u00e1gina online del mundo y recibe en Guatemala. Entregas desde 48 horas. Carga a\u00e9rea Log\u00edstica internacional a\u00e9rea &hellip;<\/p>\n<p class=\"read-more\"> <a class=\"\" href=\"https:\/\/aerocargaexpress.com\/\"> <span class=\"screen-reader-text\">p\u00e1gina de inicio<\/span> Leer m\u00e1s &raquo;<\/a><\/p>\n","protected":false},"author":1,"featured_media":0,"parent":0,"menu_order":0,"comment_status":"closed","ping_status":"closed","template":"","meta":{"site-sidebar-layout":"default","site-content-layout":"default","ast-global-header-display":"","ast-banner-title-visibility":"","ast-main-header-display":"","ast-hfb-above-header-display":"","ast-hfb-below-header-display":"","ast-hfb-mobile-header-display":"","site-post-title":"disabled","ast-breadcrumbs-content":"","ast-featured-img":"","footer-sml-layout":"","theme-transparent-header-meta":"","adv-header-id-meta":"","stick-header-meta":"","header-above-stick-meta":"","header-main-stick-meta":"","header-below-stick-meta":""},"_links":{"self":[{"href":"https:\/\/aerocargaexpress.com\/index.php\/wp-json\/wp\/v2\/pages\/66"}],"collection":[{"href":"https:\/\/aerocargaexpress.com\/index.php\/wp-json\/wp\/v2\/pages"}],"about":[{"href":"https:\/\/aerocargaexpress.com\/index.php\/wp-json\/wp\/v2\/types\/page"}],"author":[{"embeddable":true,"href":"https:\/\/aerocargaexpress.com\/index.php\/wp-json\/wp\/v2\/users\/1"}],"replies":[{"embeddable":true,"href":"https:\/\/aerocargaexpress.com\/index.php\/wp-json\/wp\/v2\/comments?post=66"}],"version-history":[{"count":23,"href":"https:\/\/aerocargaexpress.com\/index.php\/wp-json\/wp\/v2\/pages\/66\/revisions"}],"predecessor-version":[{"id":235,"href":"https:\/\/aerocargaexpress.com\/index.php\/wp-json\/wp\/v2\/pages\/66\/revisions\/235"}],"wp:attachment":[{"href":"https:\/\/aerocargaexpress.com\/index.php\/wp-json\/wp\/v2\/media?parent=66"}],"curies":[{"name":"wp","href":"https:\/\/api.w.org\/{rel}","templated":true}]}}